{"id":3,"date":"2011-01-01T00:00:01","date_gmt":"2011-01-01T00:00:01","guid":{"rendered":"https:\/\/www.b-klarinette.de\/herzlich-willkommen-liebe-musikfreundin-lieber-musikfreund"},"modified":"2024-12-19T00:43:34","modified_gmt":"2024-12-18T23:43:34","slug":"herzlich-willkommen-liebe-musikfreundin-lieber-musikfreund","status":"publish","type":"page","link":"https:\/\/www.b-klarinette.de\/","title":{"rendered":"Herzlich Willkommen!"},"content":{"rendered":"\n<figure class=\"wp-block-image size-full is-resized is-style-default\"><img loading=\"lazy\" decoding=\"async\" width=\"981\" height=\"860\" src=\"https:\/\/www.b-klarinette.de\/wp-content\/uploads\/2024\/05\/klarinettenspieler.jpg\" alt=\"Klarinettenspieler im Garten mit vielen Blumen\" class=\"wp-image-1639\" style=\"width:382px;height:auto\" srcset=\"https:\/\/www.b-klarinette.de\/wp-content\/uploads\/2024\/05\/klarinettenspieler.jpg 981w, https:\/\/www.b-klarinette.de\/wp-content\/uploads\/2024\/05\/klarinettenspieler-300x263.jpg 300w, https:\/\/www.b-klarinette.de\/wp-content\/uploads\/2024\/05\/klarinettenspieler-768x673.jpg 768w\" sizes=\"auto, (max-width: 981px) 100vw, 981px\" \/><\/figure>\n\n\n\n<h2 class=\"wp-block-heading\">Klarinette lernen leicht gemacht<\/h2>\n\n\n\n<p>Unsere Website richtet sich an alle Klarinettenfreunde und die es werden wollen. Hier findet Ihr vielf\u00e4ltige Informationen und Videos rund um die Themen Klarinette lernen, <a href=\"https:\/\/www.b-klarinette.de\/index.php\/grundlagen\/pflege.html\">Pflege<\/a> des Instruments, <a href=\"https:\/\/www.b-klarinette.de\/index.php\/grundlagen\/grifftabelle.html\">Grifftabellen<\/a> und vieles mehr.<\/p>\n\n\n\n<p>Die Klarinette besticht durch ihren warmen und facettenreichen Klang, der es erm\u00f6glicht, eine breite Palette von Emotionen und Stilrichtungen zu interpretieren. So schafft das gemeinsame Musizieren in Orchestern oder Ensembles unvergessliche Momente in der Welt der Musik und f\u00f6rdert soziale Kontakte.<\/p>\n\n\n\n<p>Zudem ist die <a href=\"https:\/\/www.b-klarinette.de\/index.php\/grundlagen\/geschichte.html\">Geschichte<\/a> der Klarinette bei genauer Betrachtung sehr spannend und vielseitig. Im Laufe der Jahrhunderte entwickelte sich aus einem simplen Holzblasinstrument die moderne Klarinette mit einer Klangvielfalt, die ihresgleichen sucht.<\/p>\n\n\n\n<p>Selbst Mozart, das zeitlose Musikgenie, geriet beim Klang des damals noch jungen Instruments ins Schw\u00e4rmen. So schrieb er 1778 w\u00e4hrend eines Aufenthaltes seinem Vater: \u00bbAch, wenn wir nur auch clarinetti h\u00e4tten! Sie glauben nicht was eine sinfonie mit flauten, oboen und clarinetten einen herrlichen Effect macht!\u00ab<\/p>\n\n\n\n<p>Aus dieser Schw\u00e4rmerei entstand dann sp\u00e4ter das ber\u00fchmte <a href=\"https:\/\/www.youtube.com\/watch?v=0glxbBlClEs\" target=\"_blank\" rel=\"noreferrer noopener\">Klarinettenkonzert: A-Dur <em>KV 622<\/em><\/a>, geschrieben f\u00fcr seinen Freund, den Klarinettisten Anton Stadler. Es war eines seiner letzten vollendeten Werke. Besonders beim Adagio, was einen unbeschreiblichen H\u00f6hepunkt im Schaffen Mozarts darstellt, merkt man, mit welcher Hingabe er der Klarinette bei seinen Konzerten einen besonderen Platz einr\u00e4umte.<\/p>\n\n\n\n<h2 class=\"wp-block-heading\">Klarinettenunterricht muss nicht kompliziert sein!<\/h2>\n\n\n\n<p>Unsere Tipps und Videos sollen Euch beim Musikunterricht unterst\u00fctzen. Klarinette kann man in der Regel von jung bis alt lernen. Viel Freude auf unserer Website und beim Musizieren.<\/p>\n\n\n\n<h4 class=\"wp-block-heading has-medium-font-size\">Allen Besuchern eine gute Zeit! Nachfolgend ein H\u00f6rbeispiel: Mozart KV622 Allegro study version<\/h4>\n\n\n\n<figure class=\"wp-block-embed is-type-video is-provider-youtube wp-block-embed-youtube wp-embed-aspect-16-9 wp-has-aspect-ratio\"><div class=\"wp-block-embed__wrapper\">\n<iframe loading=\"lazy\" title=\"Mozart Clarinet Concerto KV622 Allegro study version with solo clarinet in Bb only - Meditation\" width=\"660\" height=\"371\" src=\"https:\/\/www.youtube.com\/embed\/Y7T9YzYo-9Y?feature=oembed\" frameborder=\"0\" allow=\"accelerometer; autoplay; clipboard-write; encrypted-media; gyroscope; picture-in-picture; web-share\" referrerpolicy=\"strict-origin-when-cross-origin\" allowfullscreen><\/iframe>\n<\/div><\/figure>\n\n\n\n<img loading=\"lazy\" decoding=\"async\" src=\"https:\/\/vg07.met.vgwort.de\/na\/bdf332ac7dcf41c49440fbc9ed131880\" width=\"1\" height=\"1\" alt=\"\">\n","protected":false},"excerpt":{"rendered":"<p>Klarinette lernen leicht gemacht Unsere Website richtet sich an alle Klarinettenfreunde und die es werden wollen. Hier findet Ihr vielf\u00e4ltige Informationen und Videos rund um die Themen Klarinette lernen, Pflege des Instruments, Grifftabellen und vieles mehr. Die Klarinette besticht durch ihren warmen und facettenreichen Klang, der es erm\u00f6glicht, eine breite Palette von Emotionen und Stilrichtungen &hellip; <a href=\"https:\/\/www.b-klarinette.de\/\" class=\"more-link\"><span class=\"screen-reader-text\">Herzlich Willkommen!<\/span> weiterlesen<\/a><\/p>\n","protected":false},"author":1,"featured_media":0,"parent":0,"menu_order":56,"comment_status":"closed","ping_status":"closed","template":"","meta":{"_sitemap_exclude":false,"_sitemap_priority":"","_sitemap_frequency":"","footnotes":""},"class_list":["post-3","page","type-page","status-publish","hentry"],"_links":{"self":[{"href":"https:\/\/www.b-klarinette.de\/index.php\/wp-json\/wp\/v2\/pages\/3","targetHints":{"allow":["GET"]}}],"collection":[{"href":"https:\/\/www.b-klarinette.de\/index.php\/wp-json\/wp\/v2\/pages"}],"about":[{"href":"https:\/\/www.b-klarinette.de\/index.php\/wp-json\/wp\/v2\/types\/page"}],"author":[{"embeddable":true,"href":"https:\/\/www.b-klarinette.de\/index.php\/wp-json\/wp\/v2\/users\/1"}],"replies":[{"embeddable":true,"href":"https:\/\/www.b-klarinette.de\/index.php\/wp-json\/wp\/v2\/comments?post=3"}],"version-history":[{"count":10,"href":"https:\/\/www.b-klarinette.de\/index.php\/wp-json\/wp\/v2\/pages\/3\/revisions"}],"predecessor-version":[{"id":2594,"href":"https:\/\/www.b-klarinette.de\/index.php\/wp-json\/wp\/v2\/pages\/3\/revisions\/2594"}],"wp:attachment":[{"href":"https:\/\/www.b-klarinette.de\/index.php\/wp-json\/wp\/v2\/media?parent=3"}],"curies":[{"name":"wp","href":"https:\/\/api.w.org\/{rel}","templated":true}]}}